{"id":3587,"date":"2016-07-15T14:19:56","date_gmt":"2016-07-15T13:19:56","guid":{"rendered":"https:\/\/ortodoncija-reljanovicprotega.hr\/kontakt-2\/"},"modified":"2024-02-15T00:13:38","modified_gmt":"2024-02-14T23:13:38","slug":"kontakt-2","status":"publish","type":"page","link":"https:\/\/ortodoncija-reljanovicprotega.hr\/de\/kontakt-2\/","title":{"rendered":"Kontakt"},"content":{"rendered":"<div id='av-layout-grid-1'  class='av-layout-grid-container av-3znmz6-e689608ae87989dfd4724f52dc511127 entry-content-wrapper main_color av-fixed-cells  avia-builder-el-0  el_before_av_section  avia-builder-el-first   container_wrap sidebar_right'  >\n\n<style type=\"text\/css\" data-created_by=\"avia_inline_auto\" id=\"style-css-av-3tm3yi-55a44b17804185f21c6b1e5d1d537e1a\">\n.flex_cell.av-3tm3yi-55a44b17804185f21c6b1e5d1d537e1a{\nvertical-align:top;\nbackground-color:#e040a4;\n}\n.responsive #top #wrap_all .flex_cell.av-3tm3yi-55a44b17804185f21c6b1e5d1d537e1a{\npadding:9px 0px 0px 0px !important;\n}\n<\/style>\n<div class='flex_cell av-3tm3yi-55a44b17804185f21c6b1e5d1d537e1a av-gridrow-cell av_one_half no_margin  avia-builder-el-1  el_before_av_cell_one_half  avia-builder-el-first '  ><div class='flex_cell_inner'><\/div><\/div>\n<style type=\"text\/css\" data-created_by=\"avia_inline_auto\" id=\"style-css-av-3oe4ze-3fbe4076861684d94df7319ba6a9698e\">\n.flex_cell.av-3oe4ze-3fbe4076861684d94df7319ba6a9698e{\nvertical-align:top;\nbackground-color:#e040a4;\n}\n.responsive #top #wrap_all .flex_cell.av-3oe4ze-3fbe4076861684d94df7319ba6a9698e{\npadding:9px 0px 0px 0px !important;\n}\n<\/style>\n<div class='flex_cell av-3oe4ze-3fbe4076861684d94df7319ba6a9698e av-gridrow-cell av_one_half no_margin  avia-builder-el-2  el_after_av_cell_one_half  avia-builder-el-last '  ><div class='flex_cell_inner'><\/div><\/div>\n<\/div>\n<div id='av_section_1'  class='avia-section av-3l6hei-783db8a4ba998a5c26e28cdb3be4715e main_color avia-section-huge avia-no-border-styling  avia-builder-el-3  el_after_av_layout_row  el_before_av_section  avia-bg-style-scroll container_wrap sidebar_right'  ><div class='container av-section-cont-open' ><div class='template-page content  av-content-small alpha units'><div class='post-entry post-entry-type-page post-entry-3587'><div class='entry-content-wrapper clearfix'>\n\n<style type=\"text\/css\" data-created_by=\"avia_inline_auto\" id=\"style-css-av-2aeuai-9e5e40c551bfb3cdb78a19145c294c24\">\n.flex_column.av-2aeuai-9e5e40c551bfb3cdb78a19145c294c24{\nborder-radius:0px 0px 0px 0px;\npadding:0px 0px 0px 0px;\n}\n<\/style>\n<div  class='flex_column av-2aeuai-9e5e40c551bfb3cdb78a19145c294c24 av_one_half  avia-builder-el-4  el_before_av_one_half  avia-builder-el-first  first av-break-at-tablet flex_column_div av-animated-generic bottom-to-top av-zero-column-padding  '     ><p>\n<style type=\"text\/css\" data-created_by=\"avia_inline_auto\" id=\"style-css-av-cs7v6-bcb861cc6d4a2e5fe7384004ddec705b\">\n#top .av-special-heading.av-cs7v6-bcb861cc6d4a2e5fe7384004ddec705b{\npadding-bottom:0;\ncolor:#ababab;\nfont-size:20px;\n}\nbody .av-special-heading.av-cs7v6-bcb861cc6d4a2e5fe7384004ddec705b .av-special-heading-tag .heading-char{\nfont-size:25px;\n}\n#top #wrap_all .av-special-heading.av-cs7v6-bcb861cc6d4a2e5fe7384004ddec705b .av-special-heading-tag{\nfont-size:20px;\n}\n.av-special-heading.av-cs7v6-bcb861cc6d4a2e5fe7384004ddec705b .special-heading-inner-border{\nborder-color:#ababab;\n}\n.av-special-heading.av-cs7v6-bcb861cc6d4a2e5fe7384004ddec705b .av-subheading{\nfont-size:25px;\n}\n\n@media only screen and (min-width: 990px){ \n#top #wrap_all .av-special-heading.av-cs7v6-bcb861cc6d4a2e5fe7384004ddec705b .av-special-heading-tag{\nfont-size:20px;\n}\n}\n\n@media only screen and (min-width: 768px) and (max-width: 989px){ \n#top #wrap_all .av-special-heading.av-cs7v6-bcb861cc6d4a2e5fe7384004ddec705b .av-special-heading-tag{\nfont-size:20px;\n}\n}\n\n@media only screen and (min-width: 480px) and (max-width: 767px){ \n#top #wrap_all .av-special-heading.av-cs7v6-bcb861cc6d4a2e5fe7384004ddec705b .av-special-heading-tag{\nfont-size:20px;\n}\n}\n\n@media only screen and (max-width: 479px){ \n#top #wrap_all .av-special-heading.av-cs7v6-bcb861cc6d4a2e5fe7384004ddec705b .av-special-heading-tag{\nfont-size:20px;\n}\n}\n<\/style>\n<div  id=\"usluge\"  class='av-special-heading av-cs7v6-bcb861cc6d4a2e5fe7384004ddec705b av-special-heading-h3 custom-color-heading blockquote modern-quote  avia-builder-el-5  el_before_av_heading  avia-builder-el-first  av-inherit-size'><h3 class='av-special-heading-tag'  itemprop=\"headline\"  >F\u00dcLLEN SIE DAS FORMULAR AUS<\/h3><div class=\"special-heading-border\"><div class=\"special-heading-inner-border\"><\/div><\/div><\/div><br \/>\n\n<style type=\"text\/css\" data-created_by=\"avia_inline_auto\" id=\"style-css-av-94m7m-f3137f376321d83fe03d1accd9868667\">\n#top .av-special-heading.av-94m7m-f3137f376321d83fe03d1accd9868667{\nmargin:10px 0 0 0;\npadding-bottom:30px;\ncolor:#727272;\nfont-size:40px;\n}\nbody .av-special-heading.av-94m7m-f3137f376321d83fe03d1accd9868667 .av-special-heading-tag .heading-char{\nfont-size:25px;\n}\n#top #wrap_all .av-special-heading.av-94m7m-f3137f376321d83fe03d1accd9868667 .av-special-heading-tag{\nfont-size:40px;\n}\n.av-special-heading.av-94m7m-f3137f376321d83fe03d1accd9868667 .special-heading-inner-border{\nborder-color:#727272;\n}\n.av-special-heading.av-94m7m-f3137f376321d83fe03d1accd9868667 .av-subheading{\nfont-size:15px;\n}\n\n@media only screen and (min-width: 480px) and (max-width: 767px){ \n#top #wrap_all .av-special-heading.av-94m7m-f3137f376321d83fe03d1accd9868667 .av-special-heading-tag{\nfont-size:0.8em;\n}\n}\n\n@media only screen and (max-width: 479px){ \n#top #wrap_all .av-special-heading.av-94m7m-f3137f376321d83fe03d1accd9868667 .av-special-heading-tag{\nfont-size:0.8em;\n}\n}\n<\/style>\n<div  class='av-special-heading av-94m7m-f3137f376321d83fe03d1accd9868667 av-special-heading-h3 custom-color-heading blockquote modern-quote  avia-builder-el-6  el_after_av_heading  el_before_av_contact  av-thin-font av-inherit-size'><h3 class='av-special-heading-tag'  itemprop=\"headline\"  ><strong>Reservieren Sie <\/strong> einen Ankunftstermin<\/h3><div class=\"special-heading-border\"><div class=\"special-heading-inner-border\"><\/div><\/div><\/div><br \/>\n<form action=\"https:\/\/ortodoncija-reljanovicprotega.hr\/de\/kontakt-2\/\" method=\"post\" data-fields-with-error=\"Found errors in the following field(s):\" class=\"avia_ajax_form av-form-labels-hidden   avia-builder-el-7  el_after_av_heading  el_before_av_hr   \" data-avia-form-id=\"1\" data-avia-redirect='' ><fieldset><p class='  first_form  form_element form_element_half' id='element_avia_1_1'><label for=\"avia_1_1\">Name und Nachname <abbr class=\"required\" title=\"ben\u00f6tigt\">*<\/abbr><\/label> <input name=\"avia_1_1\" class=\"text_input is_empty\" type=\"text\" id=\"avia_1_1\" value=\"\"  placeholder='Name und Nachname*'\/><\/p><p class='  form_element form_element_half' id='element_avia_2_1'><label for=\"avia_2_1\">Email <abbr class=\"required\" title=\"ben\u00f6tigt\">*<\/abbr><\/label> <input name=\"avia_2_1\" class=\"text_input is_email\" type=\"text\" id=\"avia_2_1\" value=\"\"  placeholder='Email*'\/><\/p><p class='  first_form  form_element form_fullwidth' id='element_avia_3_1'><label for=\"avia_3_1\">W\u00e4hlen Sie Ihr Anreisedatum<\/label> <input name=\"avia_3_1\" class=\"avia_datepicker text_input \" type=\"text\" id=\"avia_3_1\" value=\"\" placeholder=\"W\u00e4hlen Sie Ihr Anreisedatum\" inputmode=\"none\" \/><\/p><p class='  first_form  form_element form_fullwidth' id='element_avia_4_1'><label for=\"avia_4_1\" class=\"textare_label hidden textare_label_avia_4_1\">Ihre Nachricht <abbr class=\"required\" title=\"ben\u00f6tigt\">*<\/abbr><\/label><textarea  placeholder='Ihre Nachricht*' name=\"avia_4_1\" class=\"text_area is_empty\" cols=\"40\" rows=\"7\" id=\"avia_4_1\" ><\/textarea><\/p><p class=\"hidden\"><input type=\"text\" name=\"avia_5_1\" class=\"hidden \" id=\"avia_5_1\" value=\"\" \/><\/p><p class='   form_element form_fullwidth av-last-visible-form-element' id='element_avia_6_1'><span class='value_verifier_label'>1 + 0 = ?<\/span><input name=\"avia_6_1_verifier\" type=\"hidden\" id=\"avia_6_1_verifier\" value=\"475847136\"\/><label for=\"avia_6_1\">Bitte l\u00f6se die Gleichung. Diese Ma\u00dfnahme dient der Abwehr von Spam <abbr class=\"required\" title=\"ben\u00f6tigt\">*<\/abbr><\/label><input name=\"avia_6_1\" class=\"text_input captcha\" type=\"text\" id=\"avia_6_1\" value=\"\"\/><\/p><p class=' av_form_privacy_check av_contact_privacy_check first_form  form_element form_fullwidth' id='element_avia_7_1'><input  name=\"avia_7_1\" class=\"input_checkbox is_empty\" type=\"checkbox\" id=\"avia_7_1\" value=\"true\"\/><label class=\"input_checkbox_label\" for=\"avia_7_1\">Die Fachzahnarztpraxis Dr. Domina Reljanovi\u0107 Protega aus Zagreb hat ihre Abl\u00e4ufe gem\u00e4\u00df der DSGVO-Verordnung (EU) 2016\/679 des Europ\u00e4ischen Parlaments und des Rates zum Schutz nat\u00fcrlicher Personen bei der Verarbeitung personenbezogener Daten harmonisiert freien Verkehr dieser Daten. <abbr class=\"required\" title=\"ben\u00f6tigt\">*<\/abbr><\/label><\/p><p class=\"form_element \"><input type=\"hidden\" value=\"1\" name=\"avia_generated_form1\" \/><input type=\"submit\" value=\"SENDEN SIE EINE RESERVIERUNG\" class=\"button\"  data-sending-label=\"Sende\"\/><\/p><\/fieldset><\/form><div id=\"ajaxresponse_1\" class=\"ajaxresponse ajaxresponse_1 hidden\"><\/div><br \/>\n\n<style type=\"text\/css\" data-created_by=\"avia_inline_auto\" id=\"style-css-av-ln28ye7z-764d9636eafd471edd6f8d1747bd54c7\">\n#top .hr.hr-invisible.av-ln28ye7z-764d9636eafd471edd6f8d1747bd54c7{\nheight:70px;\n}\n<\/style>\n<div  class='hr av-ln28ye7z-764d9636eafd471edd6f8d1747bd54c7 hr-invisible  avia-builder-el-8  el_after_av_contact  avia-builder-el-last  av-desktop-hide av-medium-hide av-small-hide'><span class='hr-inner '><span class=\"hr-inner-style\"><\/span><\/span><\/div><\/p><\/div>\n<style type=\"text\/css\" data-created_by=\"avia_inline_auto\" id=\"style-css-av-2rmdu-6ba2d797a6b373f7cbf42c11d2765b0b\">\n.flex_column.av-2rmdu-6ba2d797a6b373f7cbf42c11d2765b0b{\nborder-radius:0px 0px 0px 0px;\npadding:0px 0px 0px 0px;\n}\n<\/style>\n<div  class='flex_column av-2rmdu-6ba2d797a6b373f7cbf42c11d2765b0b av_one_half  avia-builder-el-9  el_after_av_one_half  avia-builder-el-last  av-break-at-tablet flex_column_div av-animated-generic bottom-to-top av-zero-column-padding  '     ><p>\n<style type=\"text\/css\" data-created_by=\"avia_inline_auto\" id=\"style-css-av-ln2jtwgz-399d9bfb423198c4ffaf1747fbac94af\">\n#top .av-special-heading.av-ln2jtwgz-399d9bfb423198c4ffaf1747fbac94af{\npadding-bottom:0;\ncolor:#ababab;\nfont-size:20px;\n}\nbody .av-special-heading.av-ln2jtwgz-399d9bfb423198c4ffaf1747fbac94af .av-special-heading-tag .heading-char{\nfont-size:25px;\n}\n#top #wrap_all .av-special-heading.av-ln2jtwgz-399d9bfb423198c4ffaf1747fbac94af .av-special-heading-tag{\nfont-size:20px;\n}\n.av-special-heading.av-ln2jtwgz-399d9bfb423198c4ffaf1747fbac94af .special-heading-inner-border{\nborder-color:#ababab;\n}\n.av-special-heading.av-ln2jtwgz-399d9bfb423198c4ffaf1747fbac94af .av-subheading{\nfont-size:25px;\n}\n\n@media only screen and (min-width: 990px){ \n#top #wrap_all .av-special-heading.av-ln2jtwgz-399d9bfb423198c4ffaf1747fbac94af .av-special-heading-tag{\nfont-size:20px;\n}\n}\n\n@media only screen and (min-width: 768px) and (max-width: 989px){ \n#top #wrap_all .av-special-heading.av-ln2jtwgz-399d9bfb423198c4ffaf1747fbac94af .av-special-heading-tag{\nfont-size:20px;\n}\n}\n\n@media only screen and (min-width: 480px) and (max-width: 767px){ \n#top #wrap_all .av-special-heading.av-ln2jtwgz-399d9bfb423198c4ffaf1747fbac94af .av-special-heading-tag{\nfont-size:20px;\n}\n}\n\n@media only screen and (max-width: 479px){ \n#top #wrap_all .av-special-heading.av-ln2jtwgz-399d9bfb423198c4ffaf1747fbac94af .av-special-heading-tag{\nfont-size:20px;\n}\n}\n<\/style>\n<div  id=\"usluge\"  class='av-special-heading av-ln2jtwgz-399d9bfb423198c4ffaf1747fbac94af av-special-heading-h3 custom-color-heading blockquote modern-quote  avia-builder-el-10  el_before_av_heading  avia-builder-el-first  av-inherit-size'><h3 class='av-special-heading-tag'  itemprop=\"headline\"  >IN KONTAKT KOMMEN<\/h3><div class=\"special-heading-border\"><div class=\"special-heading-inner-border\"><\/div><\/div><\/div><br \/>\n\n<style type=\"text\/css\" data-created_by=\"avia_inline_auto\" id=\"style-css-av-21rl1m-cde0dee127030418a1a4fc4543da1e6b\">\n#top .av-special-heading.av-21rl1m-cde0dee127030418a1a4fc4543da1e6b{\nmargin:10px 0 0 0;\npadding-bottom:30px;\ncolor:#727272;\nfont-size:40px;\n}\nbody .av-special-heading.av-21rl1m-cde0dee127030418a1a4fc4543da1e6b .av-special-heading-tag .heading-char{\nfont-size:25px;\n}\n#top #wrap_all .av-special-heading.av-21rl1m-cde0dee127030418a1a4fc4543da1e6b .av-special-heading-tag{\nfont-size:40px;\n}\n.av-special-heading.av-21rl1m-cde0dee127030418a1a4fc4543da1e6b .special-heading-inner-border{\nborder-color:#727272;\n}\n.av-special-heading.av-21rl1m-cde0dee127030418a1a4fc4543da1e6b .av-subheading{\nfont-size:15px;\n}\n\n@media only screen and (min-width: 480px) and (max-width: 767px){ \n#top #wrap_all .av-special-heading.av-21rl1m-cde0dee127030418a1a4fc4543da1e6b .av-special-heading-tag{\nfont-size:0.8em;\n}\n}\n\n@media only screen and (max-width: 479px){ \n#top #wrap_all .av-special-heading.av-21rl1m-cde0dee127030418a1a4fc4543da1e6b .av-special-heading-tag{\nfont-size:0.8em;\n}\n}\n<\/style>\n<div  class='av-special-heading av-21rl1m-cde0dee127030418a1a4fc4543da1e6b av-special-heading-h3 custom-color-heading blockquote modern-quote  avia-builder-el-11  el_after_av_heading  el_before_av_textblock  av-thin-font av-inherit-size'><h3 class='av-special-heading-tag'  itemprop=\"headline\"  ><strong>N\u00fctzliche <\/strong>  Informationen  <\/h3><div class=\"special-heading-border\"><div class=\"special-heading-inner-border\"><\/div><\/div><\/div><br \/>\n<section  class='av_textblock_section av-hrf96-a873791183dc9f9578b4e27aa24464c2 '   itemscope=\"itemscope\" itemtype=\"https:\/\/schema.org\/CreativeWork\" ><div class='avia_textblock'  itemprop=\"text\" ><p>F\u00fchrende Zahnarztpraxis f\u00fcr Kieferorthop\u00e4die<br \/>\n<span style=\"color: #e040a3;\">dr. Domina Reljanovi\u0107 Protega<\/span><\/p>\n\n<style type=\"text\/css\" data-created_by=\"avia_inline_auto\" id=\"style-css-av-qeoi2-ed2d152bd6ef650962c3402391c5f3bf\">\n#top .hr.hr-invisible.av-qeoi2-ed2d152bd6ef650962c3402391c5f3bf{\nheight:10px;\n}\n<\/style>\n<div  class='hr av-qeoi2-ed2d152bd6ef650962c3402391c5f3bf hr-invisible  avia-builder-el-13  el_before_av_hr  avia-builder-el-first '><span class='hr-inner '><span class=\"hr-inner-style\"><\/span><\/span><\/div>\n<p><span style=\"color: #e040a3;\">Eigent\u00fcmer Domina Reljanovi\u0107 Protega<\/span><br \/>\ndr. med. dent. Facharzt f\u00fcr Kieferorthop\u00e4die<br \/>\nMwSt: 92970829723<\/p>\n\n<style type=\"text\/css\" data-created_by=\"avia_inline_auto\" id=\"style-css-av-24whe-6390d9b8ef684b58b305d9207b51f166\">\n#top .hr.hr-invisible.av-24whe-6390d9b8ef684b58b305d9207b51f166{\nheight:10px;\n}\n<\/style>\n<div  class='hr av-24whe-6390d9b8ef684b58b305d9207b51f166 hr-invisible  avia-builder-el-14  el_after_av_hr  el_before_av_hr '><span class='hr-inner '><span class=\"hr-inner-style\"><\/span><\/span><\/div>\n<p><span style=\"color: #e040a3;\">\u0110or\u0111i\u0107eva-Stra\u00dfe 10,<\/span><br \/>\n10000 Zagreb &#8211; Kroatien<\/p>\n\n<style type=\"text\/css\" data-created_by=\"avia_inline_auto\" id=\"style-css-av-hc5ve-7d7added59878a7d006cbdda98a7c6c5\">\n#top .hr.hr-invisible.av-hc5ve-7d7added59878a7d006cbdda98a7c6c5{\nheight:10px;\n}\n<\/style>\n<div  class='hr av-hc5ve-7d7added59878a7d006cbdda98a7c6c5 hr-invisible  avia-builder-el-15  el_after_av_hr  el_before_av_hr '><span class='hr-inner '><span class=\"hr-inner-style\"><\/span><\/span><\/div>\n<p><span style=\"color: #e040a3;\">domina.reljanovic@gmail.com<\/span><br \/>\n+385 1 481 7301<\/p>\n<p>\n<style type=\"text\/css\" data-created_by=\"avia_inline_auto\" id=\"style-css-av-b7w36-acd2988b377546fd2dcb6b75396e2fcd\">\n#top .hr.hr-invisible.av-b7w36-acd2988b377546fd2dcb6b75396e2fcd{\nheight:10px;\n}\n<\/style>\n<div  class='hr av-b7w36-acd2988b377546fd2dcb6b75396e2fcd hr-invisible  avia-builder-el-16  el_after_av_hr  el_before_av_font_icon '><span class='hr-inner '><span class=\"hr-inner-style\"><\/span><\/span><\/div><br \/>\n\n<style type=\"text\/css\" data-created_by=\"avia_inline_auto\" id=\"style-css-av-7afhu-6e60053c1ab9180c3cadc1d825763579\">\n.av_font_icon.av-7afhu-6e60053c1ab9180c3cadc1d825763579{\ncolor:#e040a4;\nborder-color:#e040a4;\n}\n.av_font_icon.av-7afhu-6e60053c1ab9180c3cadc1d825763579 .av-icon-char{\nfont-size:30px;\nline-height:30px;\n}\n<\/style>\n<span  class='av_font_icon av-7afhu-6e60053c1ab9180c3cadc1d825763579 avia_animate_when_visible av-icon-style- avia-icon-pos-left avia-icon-animate'><span class='av-icon-char' aria-hidden='true' data-av_icon='\uf132' data-av_iconfont='flaticon' ><\/span><\/span> MO, MI: 13:00 &#8211; 20:00 Uhr<br \/>\nDI, DO, FR: 08:00 &#8211; 14:00 Uhr<\/p>\n<\/div><\/section><br \/>\n\n<style type=\"text\/css\" data-created_by=\"avia_inline_auto\" id=\"style-css-av-ln2lc9zt-df9fa5c948cc7fe1816dc7d4ee826c64\">\n#top .hr.hr-invisible.av-ln2lc9zt-df9fa5c948cc7fe1816dc7d4ee826c64{\nheight:30px;\n}\n<\/style>\n<div  class='hr av-ln2lc9zt-df9fa5c948cc7fe1816dc7d4ee826c64 hr-invisible  avia-builder-el-18  el_after_av_textblock  el_before_av_textblock '><span class='hr-inner '><span class=\"hr-inner-style\"><\/span><\/span><\/div><br \/>\n<section  class='av_textblock_section av-a23gi-6879590e6fe3740f1dd8d094a71efe58 '   itemscope=\"itemscope\" itemtype=\"https:\/\/schema.org\/CreativeWork\" ><div class='avia_textblock'  itemprop=\"text\" ><blockquote>\n<p>Unser Team besteht aus hochqualifizierten und erfahrenen Kieferorthop\u00e4den mit umfassender Erfahrung auf dem Gebiet der Kieferorthop\u00e4die.<\/p>\n<\/blockquote>\n<\/div><\/section><\/p><\/div><\/div><\/div><\/div><!-- close content main div --><\/div><\/div>\n<style type=\"text\/css\" data-created_by=\"avia_inline_auto\" id=\"style-css-av-lr0olefv-a81a234f1c1a1e87818cb213f26d8148\">\n.avia-section.av-lr0olefv-a81a234f1c1a1e87818cb213f26d8148{\nmargin-top:0px;\nmargin-bottom:150px;\n}\n\n@media only screen and (min-width: 480px) and (max-width: 767px){ \n.avia-section.av-lr0olefv-a81a234f1c1a1e87818cb213f26d8148{\nmargin-top:0px;\nmargin-bottom:20px;\n}\n}\n\n@media only screen and (max-width: 479px){ \n.avia-section.av-lr0olefv-a81a234f1c1a1e87818cb213f26d8148{\nmargin-top:0px;\nmargin-bottom:15px;\n}\n}\n<\/style>\n<div id='av_section_2'  class='avia-section av-lr0olefv-a81a234f1c1a1e87818cb213f26d8148 main_color avia-section-no-padding avia-no-border-styling  avia-builder-el-20  el_after_av_section  el_before_av_layout_row  avia-bg-style-scroll container_wrap sidebar_right'  ><div class='container av-section-cont-open' ><div class='template-page content  av-content-small alpha units'><div class='post-entry post-entry-type-page post-entry-3587'><div class='entry-content-wrapper clearfix'>\n\n<\/p>\n<\/div><\/div><\/div><!-- close content main div --><\/div><\/div><div id='av-layout-grid-2'  class='av-layout-grid-container av-hgooi-a4e99965a6da7dc986501f53400f4e77 entry-content-wrapper main_color av-flex-cells  avia-builder-el-22  el_after_av_section  avia-builder-el-last  grid-row-not-first  container_wrap sidebar_right'  >\n\n<style type=\"text\/css\" data-created_by=\"avia_inline_auto\" id=\"style-css-av-b8cai-34fb86292e16872eee29341adf9998e3\">\n.flex_cell.av-b8cai-34fb86292e16872eee29341adf9998e3{\nvertical-align:top;\n}\n.responsive #top #wrap_all .flex_cell.av-b8cai-34fb86292e16872eee29341adf9998e3{\npadding:0px 0px 0px 0px !important;\n}\n<\/style>\n<div class='flex_cell av-b8cai-34fb86292e16872eee29341adf9998e3 av-gridrow-cell av_one_full no_margin  avia-builder-el-23  avia-builder-el-no-sibling  av-zero-padding'  ><div class='flex_cell_inner'>\n<\/div><\/div>\n<\/div>\n","protected":false},"excerpt":{"rendered":"","protected":false},"author":1,"featured_media":0,"parent":0,"menu_order":0,"comment_status":"closed","ping_status":"closed","template":"","meta":{"footnotes":""},"class_list":["post-3587","page","type-page","status-publish","hentry"],"_links":{"self":[{"href":"https:\/\/ortodoncija-reljanovicprotega.hr\/de\/wp-json\/wp\/v2\/pages\/3587","targetHints":{"allow":["GET"]}}],"collection":[{"href":"https:\/\/ortodoncija-reljanovicprotega.hr\/de\/wp-json\/wp\/v2\/pages"}],"about":[{"href":"https:\/\/ortodoncija-reljanovicprotega.hr\/de\/wp-json\/wp\/v2\/types\/page"}],"author":[{"embeddable":true,"href":"https:\/\/ortodoncija-reljanovicprotega.hr\/de\/wp-json\/wp\/v2\/users\/1"}],"replies":[{"embeddable":true,"href":"https:\/\/ortodoncija-reljanovicprotega.hr\/de\/wp-json\/wp\/v2\/comments?post=3587"}],"version-history":[{"count":6,"href":"https:\/\/ortodoncija-reljanovicprotega.hr\/de\/wp-json\/wp\/v2\/pages\/3587\/revisions"}],"predecessor-version":[{"id":3610,"href":"https:\/\/ortodoncija-reljanovicprotega.hr\/de\/wp-json\/wp\/v2\/pages\/3587\/revisions\/3610"}],"wp:attachment":[{"href":"https:\/\/ortodoncija-reljanovicprotega.hr\/de\/wp-json\/wp\/v2\/media?parent=3587"}],"curies":[{"name":"wp","href":"https:\/\/api.w.org\/{rel}","templated":true}]}}