{"id":3637,"date":"2023-09-25T10:20:19","date_gmt":"2023-09-25T09:20:19","guid":{"rendered":"https:\/\/ortodoncija-reljanovicprotega.hr\/datenschutzerklaerung\/"},"modified":"2024-02-15T00:49:49","modified_gmt":"2024-02-14T23:49:49","slug":"datenschutzerklaerung","status":"publish","type":"page","link":"https:\/\/ortodoncija-reljanovicprotega.hr\/de\/datenschutzerklaerung\/","title":{"rendered":"Datenschutzerkl\u00e4rung"},"content":{"rendered":"<div id='av-layout-grid-1'  class='av-layout-grid-container av-7fa1-71f1bfa2d642bd0f949e0282be97875f entry-content-wrapper main_color av-fixed-cells  avia-builder-el-0  el_before_av_textblock  avia-builder-el-first   container_wrap sidebar_right'  >\n\n<style type=\"text\/css\" data-created_by=\"avia_inline_auto\" id=\"style-css-av-4s01-73a04e09b31f60554c4c5a39ec7a22c0\">\n.flex_cell.av-4s01-73a04e09b31f60554c4c5a39ec7a22c0{\nvertical-align:top;\nbackground-color:#e040a4;\n}\n.responsive #top #wrap_all .flex_cell.av-4s01-73a04e09b31f60554c4c5a39ec7a22c0{\npadding:9px 0px 0px 0px !important;\n}\n<\/style>\n<div class='flex_cell av-4s01-73a04e09b31f60554c4c5a39ec7a22c0 av-gridrow-cell av_one_half no_margin  avia-builder-el-1  el_before_av_cell_one_half  avia-builder-el-first '  ><div class='flex_cell_inner'><\/div><\/div>\n<style type=\"text\/css\" data-created_by=\"avia_inline_auto\" id=\"style-css-av-2ln7-2f2f4618196f02808bc8c20870ad1c7d\">\n.flex_cell.av-2ln7-2f2f4618196f02808bc8c20870ad1c7d{\nvertical-align:top;\nbackground-color:#e040a4;\n}\n.responsive #top #wrap_all .flex_cell.av-2ln7-2f2f4618196f02808bc8c20870ad1c7d{\npadding:9px 0px 0px 0px !important;\n}\n<\/style>\n<div class='flex_cell av-2ln7-2f2f4618196f02808bc8c20870ad1c7d av-gridrow-cell av_one_half no_margin  avia-builder-el-2  el_after_av_cell_one_half  avia-builder-el-last '  ><div class='flex_cell_inner'><\/div><\/div>\n<\/div><div id='after_grid_row_1'  class='main_color av_default_container_wrap container_wrap sidebar_right'  ><div class='container av-section-cont-open' ><div class='template-page content  av-content-small alpha units'><div class='post-entry post-entry-type-page post-entry-3637'><div class='entry-content-wrapper clearfix'>\n<section  class='av_textblock_section av-ln29ruko-266645d40e47ea5d374cab66e288061b '   itemscope=\"itemscope\" itemtype=\"https:\/\/schema.org\/CreativeWork\" ><div class='avia_textblock'  itemprop=\"text\" ><h2>Datenschutzerkl\u00e4rung<\/h2>\n<p>Die f\u00fchrende Facharztpraxis von Dr. Domina Reljanovi\u0107 Protega aus Zagreb hat ihre Abl\u00e4ufe gem\u00e4\u00df der DSGVO-Verordnung (EU) 2016\/679 des Europ\u00e4ischen Parlaments und des Rates zum Schutz nat\u00fcrlicher Personen bei der Verarbeitung personenbezogener Daten harmonisiert freien Verkehr dieser Daten.<\/p>\n<h3>Erhebung personenbezogener Daten \u00fcber die Website<\/h3>\n<p>Patienten k\u00f6nnen unsere Website besuchen, ohne Angaben zu ihrer Person zu machen. Das bedeutet, dass wir keine Patientendaten verarbeiten, es sei denn, dass der Patient seine personenbezogenen Daten zum Zwecke der Kontaktaufnahme oder Terminvereinbarung freiwillig an unsere offizielle E-Mail-Adresse sendet. Dann erteilt der Patient eine stillschweigende Einwilligung zur Verarbeitung seiner personenbezogenen Daten.<\/p>\n<p>Die erhobenen Daten werden, au\u00dfer f\u00fcr den gesetzlich vorgeschriebenen Zweck, in keiner Weise an unbefugte Dritte weitergegeben. S\u00e4mtliche personenbezogenen Daten werden ausschlie\u00dflich f\u00fcr den Zweck verwendet, f\u00fcr den sie erhoben wurden.<\/p>\n<h3>Erhebung personenbezogener Daten, wenn der Patient in der Praxis ankommt<\/h3>\n<p>Bei Ankunft des Patienten in der privaten Facharztpraxis von Dr. Domina Reljanovi\u0107 Protege wird die Einwilligung zur Verarbeitung der personenbezogenen Daten des Patienten unterzeichnet. Die Einwilligung zur Verarbeitung personenbezogener Daten kann von Personen ab 16 Jahren erteilt werden, bei Personen unter 16 Jahren kann die Einwilligung von einem Elternteil oder Erziehungsberechtigten erteilt werden. Eine Einwilligung ist eine freiwillige, speziell informierte und unmissverst\u00e4ndliche Willens\u00e4u\u00dferung des Patienten, mit der er sein Einverst\u00e4ndnis zur Verarbeitung personenbezogener Daten gibt. Das Einwilligungsmanagement beinhaltet die M\u00f6glichkeit f\u00fcr den Patienten, seine Einwilligung zur Verarbeitung personenbezogener Daten zu erteilen oder zu widerrufen. Die Einwilligung wird f\u00fcr einen oder mehrere Zwecke erteilt.<\/p>\n<h3>Dauer der Speicherung und Verarbeitung personenbezogener Daten<\/h3>\n<p>Die private Facharztpraxis Dr. Domina Reljanovi\u0107 Protega ist in bestimmten F\u00e4llen verpflichtet, personenbezogene Daten f\u00fcr die Dauer aufzubewahren, die f\u00fcr einen bestimmten Zweck in den einschl\u00e4gigen Rechtsvorschriften der Medizin vorgeschrieben ist. Sofern die Speicherung von Daten nicht gesetzlich geregelt ist, wird die Speicherung personenbezogener Daten durch Wegfall des Zwecks der Datenerhebung eingeschr\u00e4nkt. Die L\u00f6schung personenbezogener Daten von Patienten erfolgt nach Ablauf der gesetzlichen Frist, die die niedergelassene Facharztpraxis zur Aufbewahrung bestimmter personenbezogener Daten verpflichtet.<\/p>\n<h3>Technische und organisatorische Ma\u00dfnahmen zum Schutz personenbezogener Daten<\/h3>\n<p>Innerhalb unserer Organisation haben wir entsprechend den bewerteten Risiken f\u00fcr personenbezogene Daten eine ganze Reihe technischer und organisatorischer Ma\u00dfnahmen zum Schutz personenbezogener Daten festgelegt. Diese Ma\u00dfnahmen beziehen sich auf den Schutz von B\u00fcrodokumenten, Computerschutz, Antivirenrichtlinien, Datenvernichtung, Verhaltensregeln f\u00fcr Mitarbeiter, Vertragsbeziehungen mit unseren externen Dienstleistern, regelm\u00e4\u00dfige Bewertungen (Audits) des Managementsystems zum Schutz personenbezogener Daten, Video\u00fcberwachung und vieles mehr andere Ma\u00dfnahmen.<\/p>\n<h3>Patientenrechte gem\u00e4\u00df DSGVO<\/h3>\n<p>Der Patient hat jederzeit folgende Rechte:<\/p>\n<ul>\n<li>Recht auf Datenzugriff und -anzeige<\/li>\n<li>Recht auf Auskunft \u00fcber die Verarbeitung personenbezogener Daten<\/li>\n<li>Recht auf Daten\u00fcbertragbarkeit<\/li>\n<li>Recht auf Widerruf der Einwilligung<\/li>\n<li>Recht auf Beschwerde<\/li>\n<li>Recht auf Berichtigung und \u00c4nderung personenbezogener Daten, falls diese unvollst\u00e4ndig oder unrichtig sind<\/li>\n<li>Recht auf L\u00f6schung in F\u00e4llen wie Wegfall des Verarbeitungszwecks, Widerruf einer Einwilligung oder im Falle einer Beschwerde<\/li>\n<\/ul>\n<h3>So \u00fcben Sie Ihre Rechte aus<\/h3>\n<p>Wenn Sie eines der oben genannten Rechte aus\u00fcben m\u00f6chten, kontaktieren Sie bitte unseren Datenschutzbeauftragten unter der Telefonnummer <span style=\"color: #e040a3;\">+385 1 4817 301<\/span> oder per E-Mail-Adresse: <span style=\"color: #e040a3;\">domina.reljanovic@gmail.com<\/span><\/p>\n<h3>Cookies<\/h3>\n<p>Ein Cookie ist eine kleine Datendatei, die beim Besuch einer bestimmten Webseite auf einem Computer oder Mobilger\u00e4t gespeichert wird. Cookies werden verwendet, um den Besuchern ein besseres Benutzererlebnis zu bieten, mit dem Ziel, die Websites effizienter zu gestalten, sowie um die Nutzung und Besuche unserer Website zu \u00fcberwachen und zu untersuchen.<br \/>\nDurch das Ausschalten und\/oder Blockieren der Speicherung von Cookies kann der Besucher weiterhin auf unseren Webseiten surfen. Es besteht jedoch die M\u00f6glichkeit, dass dem Besucher bestimmte Merkmale oder Funktionalit\u00e4ten der Website nicht zur Verf\u00fcgung stehen, sodass der Zugriff auf bestimmte Funktionen der Website l\u00e4nger als \u00fcblich dauert.<\/p>\n<\/div><\/section>\n","protected":false},"excerpt":{"rendered":"","protected":false},"author":1,"featured_media":0,"parent":0,"menu_order":0,"comment_status":"closed","ping_status":"open","template":"","meta":{"footnotes":""},"class_list":["post-3637","page","type-page","status-publish","hentry"],"_links":{"self":[{"href":"https:\/\/ortodoncija-reljanovicprotega.hr\/de\/wp-json\/wp\/v2\/pages\/3637","targetHints":{"allow":["GET"]}}],"collection":[{"href":"https:\/\/ortodoncija-reljanovicprotega.hr\/de\/wp-json\/wp\/v2\/pages"}],"about":[{"href":"https:\/\/ortodoncija-reljanovicprotega.hr\/de\/wp-json\/wp\/v2\/types\/page"}],"author":[{"embeddable":true,"href":"https:\/\/ortodoncija-reljanovicprotega.hr\/de\/wp-json\/wp\/v2\/users\/1"}],"replies":[{"embeddable":true,"href":"https:\/\/ortodoncija-reljanovicprotega.hr\/de\/wp-json\/wp\/v2\/comments?post=3637"}],"version-history":[{"count":9,"href":"https:\/\/ortodoncija-reljanovicprotega.hr\/de\/wp-json\/wp\/v2\/pages\/3637\/revisions"}],"predecessor-version":[{"id":3647,"href":"https:\/\/ortodoncija-reljanovicprotega.hr\/de\/wp-json\/wp\/v2\/pages\/3637\/revisions\/3647"}],"wp:attachment":[{"href":"https:\/\/ortodoncija-reljanovicprotega.hr\/de\/wp-json\/wp\/v2\/media?parent=3637"}],"curies":[{"name":"wp","href":"https:\/\/api.w.org\/{rel}","templated":true}]}}