{"id":3977,"date":"2023-09-25T10:20:19","date_gmt":"2023-09-25T09:20:19","guid":{"rendered":"https:\/\/ortodoncija-reljanovicprotega.hr\/informativa-sulla-privacy\/"},"modified":"2025-10-06T17:29:39","modified_gmt":"2025-10-06T16:29:39","slug":"informativa-sulla-privacy","status":"publish","type":"page","link":"https:\/\/ortodoncija-reljanovicprotega.hr\/it\/informativa-sulla-privacy\/","title":{"rendered":"Informativa sulla Privacy"},"content":{"rendered":"<div id='av-layout-grid-1'  class='av-layout-grid-container av-7fa1-71f1bfa2d642bd0f949e0282be97875f entry-content-wrapper main_color av-fixed-cells  avia-builder-el-0  el_before_av_textblock  avia-builder-el-first   container_wrap sidebar_right'  >\n\n<style type=\"text\/css\" data-created_by=\"avia_inline_auto\" id=\"style-css-av-4s01-73a04e09b31f60554c4c5a39ec7a22c0\">\n.flex_cell.av-4s01-73a04e09b31f60554c4c5a39ec7a22c0{\nvertical-align:top;\nbackground-color:#e040a4;\n}\n.responsive #top #wrap_all .flex_cell.av-4s01-73a04e09b31f60554c4c5a39ec7a22c0{\npadding:9px 0px 0px 0px !important;\n}\n<\/style>\n<div class='flex_cell av-4s01-73a04e09b31f60554c4c5a39ec7a22c0 av-gridrow-cell av_one_half no_margin  avia-builder-el-1  el_before_av_cell_one_half  avia-builder-el-first '  ><div class='flex_cell_inner'><\/div><\/div>\n<style type=\"text\/css\" data-created_by=\"avia_inline_auto\" id=\"style-css-av-2ln7-2f2f4618196f02808bc8c20870ad1c7d\">\n.flex_cell.av-2ln7-2f2f4618196f02808bc8c20870ad1c7d{\nvertical-align:top;\nbackground-color:#e040a4;\n}\n.responsive #top #wrap_all .flex_cell.av-2ln7-2f2f4618196f02808bc8c20870ad1c7d{\npadding:9px 0px 0px 0px !important;\n}\n<\/style>\n<div class='flex_cell av-2ln7-2f2f4618196f02808bc8c20870ad1c7d av-gridrow-cell av_one_half no_margin  avia-builder-el-2  el_after_av_cell_one_half  avia-builder-el-last '  ><div class='flex_cell_inner'><\/div><\/div>\n<\/div><div id='after_grid_row_1'  class='main_color av_default_container_wrap container_wrap sidebar_right'  ><div class='container av-section-cont-open' ><div class='template-page content  av-content-small alpha units'><div class='post-entry post-entry-type-page post-entry-3977'><div class='entry-content-wrapper clearfix'>\n<section  class='av_textblock_section av-ln29ruko-266645d40e47ea5d374cab66e288061b '   itemscope=\"itemscope\" itemtype=\"https:\/\/schema.org\/CreativeWork\" ><div class='avia_textblock'  itemprop=\"text\" ><h2>Informativa sulla Privacy<\/h2>\n<p>La clinica specialistica della Dott.ssa Domina Reljanovi\u0107 Protega di Zagabria ha adeguato le proprie attivit\u00e0 in conformit\u00e0 al Regolamento (UE) 2016\/679 (GDPR) del Parlamento Europeo e del Consiglio, relativo alla protezione delle persone fisiche con riguardo al trattamento dei dati personali e alla libera circolazione di tali dati.<\/p>\n<h3>Raccolta dei dati personali tramite il sito web<\/h3>\n<p>I pazienti possono visitare il nostro sito web senza rivelare alcun dato personale&#8230; Questo significa che non trattiamo i dati personali dei pazienti, a meno che il paziente non decida volontariamente di inviare i propri dati personali al nostro indirizzo e-mail ufficiale, al fine di contattarci o prenotare un appuntamento. In tal caso, il paziente fornisce implicitamente il proprio consenso al trattamento dei dati personali comunicati.<\/p>\n<p>I dati raccolti non saranno in alcun modo resi disponibili a terze parti non autorizzate, se non nei casi previsti dalla legge.<br \/> Tutti i dati personali vengono utilizzati esclusivamente per le finalit\u00e0 per cui sono stati raccolti.<\/p>\n<h3>Raccolta dei dati personali al momento della visita del paziente<br \/><\/h3>\n<p>Al momento della visita presso la clinica specialistica privata della Dott.ssa Domina Reljanovi\u0107 Protega, il paziente firma il consenso informato per il trattamento dei propri dati personali.<br \/> Il consenso al trattamento dei dati personali pu\u00f2 essere fornito da persone che abbiano compiuto almeno 16 anni.<br \/>Per i minori di 16 anni, il consenso deve essere prestato da un genitore o da un tutore legale. Il consenso \u00e8 un\u2019azione libera, informata e inequivocabile con cui il paziente esprime la propria volont\u00e0 di autorizzare il trattamento dei propri dati personali.<br \/> La gestione del consenso prevede la possibilit\u00e0 per il paziente di revocare in qualsiasi momento l\u2019autorizzazione precedentemente concessa per il trattamento dei propri dati personali.<br \/> Il consenso pu\u00f2 essere concesso per una o pi\u00f9 finalit\u00e0 specifiche.<\/p>\n<h3>Durata della conservazione e del trattamento dei dati personali<br \/><\/h3>\n<p>La clinica specialistica privata della Dott.ssa Domina Reljanovi\u0107 Protega \u00e8, in alcuni casi, tenuta a conservare i dati personali per il periodo stabilito dalle norme di legge vigenti in ambito medico per le specifiche finalit\u00e0 di trattamento.<br \/> Qualora la durata di conservazione non sia definita dalla legge, i dati personali vengono conservati solo per il tempo necessario al raggiungimento dello scopo per cui sono stati raccolti, dopodich\u00e9 vengono cancellati o resi anonimi. La cancellazione dei dati personali dei pazienti avviene alla scadenza del periodo previsto dalla legge, che obbliga la clinica specialistica privata a conservarli per il tempo stabilito in relazione a specifiche finalit\u00e0 mediche o amministrative.<\/p>\n<h3>Misure tecniche e organizzative per la protezione dei dati personali<br \/><\/h3>\n<p>All\u2019interno della nostra organizzazione, in base alla valutazione dei rischi connessi al trattamento dei dati personali, abbiamo implementato una serie di misure tecniche e organizzative volte a garantire la massima protezione e sicurezza dei dati trattati. Queste misure comprendono la protezione dei documenti amministrativi, la sicurezza dei sistemi informatici, l\u2019adozione di politiche antivirus, la distruzione sicura dei dati, le regole di condotta per i dipendenti, i contratti con i fornitori esterni di servizi, nonch\u00e9 verifiche periodiche (audit) dei sistemi di gestione della sicurezza dei dati personali, videosorveglianza e molte altre misure di tutela.<\/p>\n<h3>Diritti del paziente ai sensi del GDPR<br \/><\/h3>\n<p>Il paziente, in qualsiasi momento, ha diritto a:<\/p>\n<ul>\n<li>Accedere ai propri dati personali e ottenere conferma dell\u2019esistenza o meno di tali dati e delle modalit\u00e0 del loro trattamento.<\/li>\n<li>Diritto a essere informato sul trattamento dei dati personali<\/li>\n<li>Diritto alla portabilit\u00e0 dei dati<\/li>\n<li>Diritto di revocare il consenso<\/li>\n<li>Diritto di presentare reclamo<\/li>\n<li>Diritto di rettifica e modifica dei dati personali nel caso in cui i dati risultino incompleti o inesatti<\/li>\n<li>Diritto alla cancellazione dei dati personali nei casi di cessazione della finalit\u00e0 del trattamento, revoca del consenso o presentazione di un reclamo<\/li>\n<\/ul>\n<h3>Come esercitare i propri diritti<br \/><\/h3>\n<p>Se desideri esercitare uno dei diritti elencati, contatta il nostro Responsabile per la Protezione dei Dati Personali (DPO) al numero di telefono<br \/> +385 1 4817 301 oppure via e-mail all\u2019indirizzo:<br \/> <span style=\"color: #e040a3;\">domina.reljanovic@gmail.com<\/span><\/p>\n<h3>Cookie (Cookies)<br \/><\/h3>\n<p>Il cookie \u00e8 un piccolo file di dati che viene memorizzato sul computer o sul dispositivo mobile quando si visita un determinato sito web.<\/p>\n<p>\nKola\u010di\u0107i se upotrebljavaju radi pru\u017eanja boljeg korisni\u010dkog iskustva posjetitelja, s ciljem da bi web-stranice radile u\u010dinkovitije, kao i za pra\u0107enje i ispitivanje kori\u0161tenja te posje\u0107enosti na\u0161e web-stranice.<br \/>\nIsklju\u010divanjem i\/ili blokiranjem spremanja kola\u010di\u0107a posjetitelj i dalje mo\u017ee pregledavati na\u0161e web-stranice.I cookies vengono utilizzati per offrire un\u2019esperienza utente migliore ai visitatori, al fine di rendere il sito web pi\u00f9 efficiente, nonch\u00e9 per monitorare e analizzare l\u2019utilizzo e la frequenza di visita del nostro sito. Disattivando e\/o bloccando la memorizzazione dei cookies, il visitatore pu\u00f2 comunque continuare a navigare sul nostro sito.Me\u0111utim, postoji vjerojatnost da pojedine mogu\u0107nosti ili funkcionalnosti web-stranice ne\u0107e biti dostupne posjetitelju tako da \u0107e vrijeme potrebno za pristup pojedinim funkcijama web-stranice biti du\u017ee od uobi\u010dajenog.Tuttavia, esiste la possibilit\u00e0 che alcune funzioni o caratteristiche del sito non siano disponibili per il visitatore, e che i tempi di accesso a determinate funzionalit\u00e0 del sito risultino pi\u00f9 lunghi del normale. I cookies vengono utilizzati per offrire un\u2019esperienza utente migliore ai visitatori, al fine di rendere il sito web pi\u00f9 efficiente, nonch\u00e9 per monitorare e analizzare l\u2019utilizzo e la frequenza di visita del nostro sito. Disattivando e\/o bloccando la memorizzazione dei cookies, il visitatore pu\u00f2 comunque continuare a navigare sul nostro sito. Tuttavia, esiste la possibilit\u00e0 che alcune funzioni o caratteristiche del sito non siano disponibili per il visitatore, e che i tempi di accesso a determinate funzionalit\u00e0 del sito risultino pi\u00f9 lunghi del normale.<\/p>\n<\/div><\/section>\n","protected":false},"excerpt":{"rendered":"","protected":false},"author":1,"featured_media":0,"parent":0,"menu_order":0,"comment_status":"closed","ping_status":"open","template":"","meta":{"footnotes":""},"class_list":["post-3977","page","type-page","status-publish","hentry"],"_links":{"self":[{"href":"https:\/\/ortodoncija-reljanovicprotega.hr\/it\/wp-json\/wp\/v2\/pages\/3977","targetHints":{"allow":["GET"]}}],"collection":[{"href":"https:\/\/ortodoncija-reljanovicprotega.hr\/it\/wp-json\/wp\/v2\/pages"}],"about":[{"href":"https:\/\/ortodoncija-reljanovicprotega.hr\/it\/wp-json\/wp\/v2\/types\/page"}],"author":[{"embeddable":true,"href":"https:\/\/ortodoncija-reljanovicprotega.hr\/it\/wp-json\/wp\/v2\/users\/1"}],"replies":[{"embeddable":true,"href":"https:\/\/ortodoncija-reljanovicprotega.hr\/it\/wp-json\/wp\/v2\/comments?post=3977"}],"version-history":[{"count":2,"href":"https:\/\/ortodoncija-reljanovicprotega.hr\/it\/wp-json\/wp\/v2\/pages\/3977\/revisions"}],"predecessor-version":[{"id":3979,"href":"https:\/\/ortodoncija-reljanovicprotega.hr\/it\/wp-json\/wp\/v2\/pages\/3977\/revisions\/3979"}],"wp:attachment":[{"href":"https:\/\/ortodoncija-reljanovicprotega.hr\/it\/wp-json\/wp\/v2\/media?parent=3977"}],"curies":[{"name":"wp","href":"https:\/\/api.w.org\/{rel}","templated":true}]}}