{"id":3796,"date":"2023-09-25T10:20:19","date_gmt":"2023-09-25T09:20:19","guid":{"rendered":"https:\/\/ortodoncija-reljanovicprotega.hr\/politika-zasebnosti\/"},"modified":"2024-02-28T20:31:49","modified_gmt":"2024-02-28T19:31:49","slug":"politika-zasebnosti","status":"publish","type":"page","link":"https:\/\/ortodoncija-reljanovicprotega.hr\/sl\/politika-zasebnosti\/","title":{"rendered":"Politika Zasebnosti"},"content":{"rendered":"<div id='av-layout-grid-1'  class='av-layout-grid-container av-7fa1-71f1bfa2d642bd0f949e0282be97875f entry-content-wrapper main_color av-fixed-cells  avia-builder-el-0  el_before_av_textblock  avia-builder-el-first   container_wrap sidebar_right'  >\n\n<style type=\"text\/css\" data-created_by=\"avia_inline_auto\" id=\"style-css-av-4s01-73a04e09b31f60554c4c5a39ec7a22c0\">\n.flex_cell.av-4s01-73a04e09b31f60554c4c5a39ec7a22c0{\nvertical-align:top;\nbackground-color:#e040a4;\n}\n.responsive #top #wrap_all .flex_cell.av-4s01-73a04e09b31f60554c4c5a39ec7a22c0{\npadding:9px 0px 0px 0px !important;\n}\n<\/style>\n<div class='flex_cell av-4s01-73a04e09b31f60554c4c5a39ec7a22c0 av-gridrow-cell av_one_half no_margin  avia-builder-el-1  el_before_av_cell_one_half  avia-builder-el-first '  ><div class='flex_cell_inner'><\/div><\/div>\n<style type=\"text\/css\" data-created_by=\"avia_inline_auto\" id=\"style-css-av-2ln7-2f2f4618196f02808bc8c20870ad1c7d\">\n.flex_cell.av-2ln7-2f2f4618196f02808bc8c20870ad1c7d{\nvertical-align:top;\nbackground-color:#e040a4;\n}\n.responsive #top #wrap_all .flex_cell.av-2ln7-2f2f4618196f02808bc8c20870ad1c7d{\npadding:9px 0px 0px 0px !important;\n}\n<\/style>\n<div class='flex_cell av-2ln7-2f2f4618196f02808bc8c20870ad1c7d av-gridrow-cell av_one_half no_margin  avia-builder-el-2  el_after_av_cell_one_half  avia-builder-el-last '  ><div class='flex_cell_inner'><\/div><\/div>\n<\/div><div id='after_grid_row_1'  class='main_color av_default_container_wrap container_wrap sidebar_right'  ><div class='container av-section-cont-open' ><div class='template-page content  av-content-small alpha units'><div class='post-entry post-entry-type-page post-entry-3796'><div class='entry-content-wrapper clearfix'>\n<section  class='av_textblock_section av-ln29ruko-266645d40e47ea5d374cab66e288061b '   itemscope=\"itemscope\" itemtype=\"https:\/\/schema.org\/CreativeWork\" ><div class='avia_textblock'  itemprop=\"text\" ><h2>Politika Zasebnosti<\/h2>\n<p>Vodilna specialisti\u010dna ordinacija dr. Domina Reljanovi\u0107a Protege iz Zagreba je svoje delovanje uskladila z uredbo GDPR (EU) 2016\/679 Evropskega parlamenta in sveta o varstvu posameznikov pri obdelavi osebnih podatkov in o prosti pretok takih podatkov.<\/p>\n<h3>Zbiranje osebnih podatkov preko spletne strani<\/h3>\n<p>Pacienti lahko obi\u0161\u010dejo na\u0161o spletno stran, ne da bi razkrili svoje osebne podatke. To pomeni, da podatkov o pacientih ne obdelujemo, razen \u010de pacient prostovoljno po\u0161lje svoje osebne podatke na na\u0161 uradni e-naslov za namene kontaktiranja ali rezervacije termina. Nato pacient poda tiho privolitev v obdelavo svojih osebnih podatkov.<\/p>\n<p>Zbrani podatki ne bodo na noben na\u010din dostopni tretjim nepoobla\u0161\u010denim osebam, razen za namene, ki jih dolo\u010da zakon. Vsi osebni podatki se uporabljajo izklju\u010dno za namen, za katerega so bili zbrani.<\/p>\n<h3>Zbiranje osebnih podatkov ob prihodu pacienta v ordinacijo<\/h3>\n<p>Ob prihodu pacienta v zasebno specialisti\u010dno ordinacijo dr. Domina Reljanovi\u0107a Protege se podpi\u0161e soglasje za obdelavo osebnih podatkov pacienta. Privolitev za obdelavo osebnih podatkov lahko podajo osebe, stare 16 let ali ve\u010d, za osebe, mlaj\u0161e od 16 let, pa lahko privolitev poda star\u0161 ali skrbnik. Privolitev je prostovoljen, posebej informiran in nedvoumen izraz pacientove \u017eelje, s katerim poda soglasje za obdelavo osebnih podatkov. Upravljanje privolitve pomeni mo\u017enost, da pacient poda ali prekli\u010de privolitev za obdelavo osebnih podatkov. Privolitev je dana za enega ali ve\u010d namenov.<\/p>\n<h3>Trajanje hrambe in obdelave osebnih podatkov<\/h3>\n<p>Zasebna specialisti\u010dna ordinacija dr. Domina Reljanovi\u0107 Protega je v dolo\u010denih primerih zavezana hraniti osebne podatke v trajanju (obdobju), ki ga za dolo\u010den namen predpisujejo ustrezni pravni predpisi v medicini. \u010ce hramba podatkov ni zakonsko dolo\u010dena, je hramba osebnih podatkov omejena s prenehanjem namena zbiranja podatkov. Izbris osebnih podatkov pacientov se izvede po poteku zakonskega roka, ki zasebno specialisti\u010dno ordinacijo zavezuje k hrambi dolo\u010denih osebnih podatkov.<\/p>\n<h3>Tehni\u010dni in organizacijski ukrepi za varstvo osebnih podatkov<\/h3>\n<p>V na\u0161i organizaciji smo glede na ocenjena tveganja za osebne podatke vzpostavili celo vrsto tehni\u010dnih in organizacijskih ukrepov za varstvo osebnih podatkov. Ti ukrepi se nana\u0161ajo na za\u0161\u010dito pisarni\u0161kih dokumentov, za\u0161\u010dito ra\u010dunalnikov, protivirusno politiko, uni\u010denje podatkov, pravila obna\u0161anja zaposlenih, pogodbena razmerja z na\u0161imi zunanjimi ponudniki storitev, ob\u010dasne evalvacije (revizije) sistema upravljanja varstva osebnih podatkov, video nadzor in \u0161tevilne drugi ukrepi.<\/p>\n<h3>Pacientove pravice po GDPR<\/h3>\n<p>Pacient ima vedno naslednje pravice:<\/p>\n<ul>\n<li>pravica do dostopa in vpogleda v podatke<\/li>\n<li>pravica do obve\u0161\u010denosti o obdelavi osebnih podatkov<\/li>\n<li>pravica do prenosljivosti podatkov<\/li>\n<li>pravico do preklica soglasja<\/li>\n<li>pravica do prito\u017ebe<\/li>\n<li>pravico do popravka in spremembe osebnih podatkov v primeru, da so podatki nepopolni ali nepravilni<\/li>\n<li>pravica do izbrisa v primerih, kot je prenehanje namena obdelave, preklic privolitve ali v primeru ugovora<\/li>\n<\/ul>\n<h3>Kako uveljavljati svoje pravice<\/h3>\n<p>\u010ce \u017eelite uveljavljati katero od zgoraj navedenih pravic, se obrnite na na\u0161o poobla\u0161\u010deno osebo za varstvo osebnih podatkov na telefonsko \u0161tevilko <span style=\"color: #e040a3;\">+385 1 4817 301<\/span> ali preko elektronske po\u0161te: <span style=\"color: #e040a3;\">domina.reljanovic@gmail.com<\/span><\/p>\n<h3>Pi\u0161kotki (Cookies)<\/h3>\n<p>je majhna podatkovna datoteka, ki se shrani v ra\u010dunalnik ali mobilno napravo ob obisku dolo\u010dene spletne strani Pi\u0161kotke uporabljamo za zagotavljanje bolj\u0161e uporabni\u0161ke izku\u0161nje obiskovalcev, z namenom u\u010dinkovitej\u0161ega delovanja spletnih strani ter za spremljanje in preverjanje uporabe in obiska na\u0161e spletne strani.<br \/>\nZ izklopom in\/ali blokiranjem shranjevanja pi\u0161kotkov lahko obiskovalec \u0161e vedno brska po na\u0161ih spletnih straneh. Vendar pa obstaja verjetnost, da obiskovalcu dolo\u010dene lastnosti ali funkcionalnosti spletnega mesta ne bodo na voljo, zato bo \u010das, potreben za dostop do dolo\u010denih funkcij spletnega mesta, dalj\u0161i kot obi\u010dajno.<\/p>\n<\/div><\/section>\n","protected":false},"excerpt":{"rendered":"","protected":false},"author":1,"featured_media":0,"parent":0,"menu_order":0,"comment_status":"closed","ping_status":"open","template":"","meta":{"footnotes":""},"class_list":["post-3796","page","type-page","status-publish","hentry"],"_links":{"self":[{"href":"https:\/\/ortodoncija-reljanovicprotega.hr\/sl\/wp-json\/wp\/v2\/pages\/3796","targetHints":{"allow":["GET"]}}],"collection":[{"href":"https:\/\/ortodoncija-reljanovicprotega.hr\/sl\/wp-json\/wp\/v2\/pages"}],"about":[{"href":"https:\/\/ortodoncija-reljanovicprotega.hr\/sl\/wp-json\/wp\/v2\/types\/page"}],"author":[{"embeddable":true,"href":"https:\/\/ortodoncija-reljanovicprotega.hr\/sl\/wp-json\/wp\/v2\/users\/1"}],"replies":[{"embeddable":true,"href":"https:\/\/ortodoncija-reljanovicprotega.hr\/sl\/wp-json\/wp\/v2\/comments?post=3796"}],"version-history":[{"count":2,"href":"https:\/\/ortodoncija-reljanovicprotega.hr\/sl\/wp-json\/wp\/v2\/pages\/3796\/revisions"}],"predecessor-version":[{"id":3798,"href":"https:\/\/ortodoncija-reljanovicprotega.hr\/sl\/wp-json\/wp\/v2\/pages\/3796\/revisions\/3798"}],"wp:attachment":[{"href":"https:\/\/ortodoncija-reljanovicprotega.hr\/sl\/wp-json\/wp\/v2\/media?parent=3796"}],"curies":[{"name":"wp","href":"https:\/\/api.w.org\/{rel}","templated":true}]}}