{"id":3799,"date":"2016-07-15T14:19:56","date_gmt":"2016-07-15T13:19:56","guid":{"rendered":"https:\/\/ortodoncija-reljanovicprotega.hr\/kontakt\/"},"modified":"2024-02-28T20:46:18","modified_gmt":"2024-02-28T19:46:18","slug":"kontakt","status":"publish","type":"page","link":"https:\/\/ortodoncija-reljanovicprotega.hr\/sl\/kontakt\/","title":{"rendered":"Kontakt"},"content":{"rendered":"<div id='av-layout-grid-1'  class='av-layout-grid-container av-3znmz6-e689608ae87989dfd4724f52dc511127 entry-content-wrapper main_color av-fixed-cells  avia-builder-el-0  el_before_av_section  avia-builder-el-first   container_wrap sidebar_right'  >\n\n<style type=\"text\/css\" data-created_by=\"avia_inline_auto\" id=\"style-css-av-3tm3yi-55a44b17804185f21c6b1e5d1d537e1a\">\n.flex_cell.av-3tm3yi-55a44b17804185f21c6b1e5d1d537e1a{\nvertical-align:top;\nbackground-color:#e040a4;\n}\n.responsive #top #wrap_all .flex_cell.av-3tm3yi-55a44b17804185f21c6b1e5d1d537e1a{\npadding:9px 0px 0px 0px !important;\n}\n<\/style>\n<div class='flex_cell av-3tm3yi-55a44b17804185f21c6b1e5d1d537e1a av-gridrow-cell av_one_half no_margin  avia-builder-el-1  el_before_av_cell_one_half  avia-builder-el-first '  ><div class='flex_cell_inner'><\/div><\/div>\n<style type=\"text\/css\" data-created_by=\"avia_inline_auto\" id=\"style-css-av-3oe4ze-3fbe4076861684d94df7319ba6a9698e\">\n.flex_cell.av-3oe4ze-3fbe4076861684d94df7319ba6a9698e{\nvertical-align:top;\nbackground-color:#e040a4;\n}\n.responsive #top #wrap_all .flex_cell.av-3oe4ze-3fbe4076861684d94df7319ba6a9698e{\npadding:9px 0px 0px 0px !important;\n}\n<\/style>\n<div class='flex_cell av-3oe4ze-3fbe4076861684d94df7319ba6a9698e av-gridrow-cell av_one_half no_margin  avia-builder-el-2  el_after_av_cell_one_half  avia-builder-el-last '  ><div class='flex_cell_inner'><\/div><\/div>\n<\/div>\n<div id='av_section_1'  class='avia-section av-3l6hei-783db8a4ba998a5c26e28cdb3be4715e main_color avia-section-huge avia-no-border-styling  avia-builder-el-3  el_after_av_layout_row  el_before_av_section  avia-bg-style-scroll container_wrap sidebar_right'  ><div class='container av-section-cont-open' ><div class='template-page content  av-content-small alpha units'><div class='post-entry post-entry-type-page post-entry-3799'><div class='entry-content-wrapper clearfix'>\n\n<style type=\"text\/css\" data-created_by=\"avia_inline_auto\" id=\"style-css-av-2aeuai-9e5e40c551bfb3cdb78a19145c294c24\">\n.flex_column.av-2aeuai-9e5e40c551bfb3cdb78a19145c294c24{\nborder-radius:0px 0px 0px 0px;\npadding:0px 0px 0px 0px;\n}\n<\/style>\n<div  class='flex_column av-2aeuai-9e5e40c551bfb3cdb78a19145c294c24 av_one_half  avia-builder-el-4  el_before_av_one_half  avia-builder-el-first  first av-break-at-tablet flex_column_div av-animated-generic bottom-to-top av-zero-column-padding  '     ><p>\n<style type=\"text\/css\" data-created_by=\"avia_inline_auto\" id=\"style-css-av-cs7v6-381005d7f1b28967c6f43b5bb416a751\">\n#top .av-special-heading.av-cs7v6-381005d7f1b28967c6f43b5bb416a751{\npadding-bottom:0;\ncolor:#ababab;\nfont-size:20px;\n}\nbody .av-special-heading.av-cs7v6-381005d7f1b28967c6f43b5bb416a751 .av-special-heading-tag .heading-char{\nfont-size:25px;\n}\n#top #wrap_all .av-special-heading.av-cs7v6-381005d7f1b28967c6f43b5bb416a751 .av-special-heading-tag{\nfont-size:20px;\n}\n.av-special-heading.av-cs7v6-381005d7f1b28967c6f43b5bb416a751 .special-heading-inner-border{\nborder-color:#ababab;\n}\n.av-special-heading.av-cs7v6-381005d7f1b28967c6f43b5bb416a751 .av-subheading{\nfont-size:25px;\n}\n\n@media only screen and (min-width: 990px){ \n#top #wrap_all .av-special-heading.av-cs7v6-381005d7f1b28967c6f43b5bb416a751 .av-special-heading-tag{\nfont-size:20px;\n}\n}\n\n@media only screen and (min-width: 768px) and (max-width: 989px){ \n#top #wrap_all .av-special-heading.av-cs7v6-381005d7f1b28967c6f43b5bb416a751 .av-special-heading-tag{\nfont-size:20px;\n}\n}\n\n@media only screen and (min-width: 480px) and (max-width: 767px){ \n#top #wrap_all .av-special-heading.av-cs7v6-381005d7f1b28967c6f43b5bb416a751 .av-special-heading-tag{\nfont-size:20px;\n}\n}\n\n@media only screen and (max-width: 479px){ \n#top #wrap_all .av-special-heading.av-cs7v6-381005d7f1b28967c6f43b5bb416a751 .av-special-heading-tag{\nfont-size:20px;\n}\n}\n<\/style>\n<div  id=\"usluge\"  class='av-special-heading av-cs7v6-381005d7f1b28967c6f43b5bb416a751 av-special-heading-h3 custom-color-heading blockquote modern-quote  avia-builder-el-5  el_before_av_heading  avia-builder-el-first  av-inherit-size'><h3 class='av-special-heading-tag'  itemprop=\"headline\"  >IZPOLNITE OBRAZEC<\/h3><div class=\"special-heading-border\"><div class=\"special-heading-inner-border\"><\/div><\/div><\/div><br \/>\n\n<style type=\"text\/css\" data-created_by=\"avia_inline_auto\" id=\"style-css-av-94m7m-7caaeb10b4e54cd60a8fdc8b142cc192\">\n#top .av-special-heading.av-94m7m-7caaeb10b4e54cd60a8fdc8b142cc192{\nmargin:10px 0 0 0;\npadding-bottom:30px;\ncolor:#727272;\nfont-size:40px;\n}\nbody .av-special-heading.av-94m7m-7caaeb10b4e54cd60a8fdc8b142cc192 .av-special-heading-tag .heading-char{\nfont-size:25px;\n}\n#top #wrap_all .av-special-heading.av-94m7m-7caaeb10b4e54cd60a8fdc8b142cc192 .av-special-heading-tag{\nfont-size:40px;\n}\n.av-special-heading.av-94m7m-7caaeb10b4e54cd60a8fdc8b142cc192 .special-heading-inner-border{\nborder-color:#727272;\n}\n.av-special-heading.av-94m7m-7caaeb10b4e54cd60a8fdc8b142cc192 .av-subheading{\nfont-size:15px;\n}\n\n@media only screen and (min-width: 480px) and (max-width: 767px){ \n#top #wrap_all .av-special-heading.av-94m7m-7caaeb10b4e54cd60a8fdc8b142cc192 .av-special-heading-tag{\nfont-size:0.8em;\n}\n}\n\n@media only screen and (max-width: 479px){ \n#top #wrap_all .av-special-heading.av-94m7m-7caaeb10b4e54cd60a8fdc8b142cc192 .av-special-heading-tag{\nfont-size:0.8em;\n}\n}\n<\/style>\n<div  class='av-special-heading av-94m7m-7caaeb10b4e54cd60a8fdc8b142cc192 av-special-heading-h3 custom-color-heading blockquote modern-quote  avia-builder-el-6  el_after_av_heading  el_before_av_contact  av-thin-font av-inherit-size'><h3 class='av-special-heading-tag'  itemprop=\"headline\"  ><strong>Rezerviraj<\/strong> <span style=&quot;color: #ababab;&quot;>termin<\/span><\/h3><div class=\"special-heading-border\"><div class=\"special-heading-inner-border\"><\/div><\/div><\/div><br \/>\n<form action=\"https:\/\/ortodoncija-reljanovicprotega.hr\/sl\/kontakt\/\" method=\"post\" data-fields-with-error=\"Found errors in the following field(s):\" class=\"avia_ajax_form av-form-labels-hidden   avia-builder-el-7  el_after_av_heading  el_before_av_hr   \" data-avia-form-id=\"1\" data-avia-redirect='' ><fieldset><p class='  first_form  form_element form_element_half' id='element_avia_1_1'><label for=\"avia_1_1\">Ime in priimek <abbr class=\"required\" title=\"required\">*<\/abbr><\/label> <input name=\"avia_1_1\" class=\"text_input is_empty\" type=\"text\" id=\"avia_1_1\" value=\"\"  placeholder='Ime in priimek*'\/><\/p><p class='  form_element form_element_half' id='element_avia_2_1'><label for=\"avia_2_1\">Email <abbr class=\"required\" title=\"required\">*<\/abbr><\/label> <input name=\"avia_2_1\" class=\"text_input is_email\" type=\"text\" id=\"avia_2_1\" value=\"\"  placeholder='Email*'\/><\/p><p class='  first_form  form_element form_fullwidth' id='element_avia_3_1'><label for=\"avia_3_1\">Izberite datum prihoda<\/label> <input name=\"avia_3_1\" class=\"avia_datepicker text_input \" type=\"text\" id=\"avia_3_1\" value=\"\" placeholder=\"Izberite datum prihoda\" inputmode=\"none\" \/><\/p><p class='  first_form  form_element form_fullwidth' id='element_avia_4_1'><label for=\"avia_4_1\" class=\"textare_label hidden textare_label_avia_4_1\">Sporo\u010dilo <abbr class=\"required\" title=\"required\">*<\/abbr><\/label><textarea  placeholder='Sporo\u010dilo*' name=\"avia_4_1\" class=\"text_area is_empty\" cols=\"40\" rows=\"7\" id=\"avia_4_1\" ><\/textarea><\/p><p class=\"hidden\"><input type=\"text\" name=\"avia_5_1\" class=\"hidden \" id=\"avia_5_1\" value=\"\" \/><\/p><p class='   form_element form_fullwidth av-last-visible-form-element' id='element_avia_6_1'><span class='value_verifier_label'>0 + 8 = ?<\/span><input name=\"avia_6_1_verifier\" type=\"hidden\" id=\"avia_6_1_verifier\" value=\"727638248\"\/><label for=\"avia_6_1\">Please prove that you are human by solving the equation <abbr class=\"required\" title=\"required\">*<\/abbr><\/label><input name=\"avia_6_1\" class=\"text_input captcha\" type=\"text\" id=\"avia_6_1\" value=\"\"\/><\/p><p class=' av_form_privacy_check av_contact_privacy_check first_form  form_element form_fullwidth' id='element_avia_7_1'><input  name=\"avia_7_1\" class=\"input_checkbox is_empty\" type=\"checkbox\" id=\"avia_7_1\" value=\"true\"\/><label class=\"input_checkbox_label\" for=\"avia_7_1\">Specialisti\u010dna zobozdravstvena ordinacija dr. Domina Reljanovi\u0107a Protege iz Zagreba je svoje delovanje uskladila z uredbo GDPR (EU) 2016\/679 Evropskega parlamenta in sveta o varstvu posameznikov v zvezi z obdelavo osebnih podatkov in o prosti pretok takih podatkov. <abbr class=\"required\" title=\"required\">*<\/abbr><\/label><\/p><p class=\"form_element \"><input type=\"hidden\" value=\"1\" name=\"avia_generated_form1\" \/><input type=\"submit\" value=\"REZERVIRAJ\" class=\"button\"  data-sending-label=\"Sending\"\/><\/p><\/fieldset><\/form><div id=\"ajaxresponse_1\" class=\"ajaxresponse ajaxresponse_1 hidden\"><\/div><br \/>\n\n<style type=\"text\/css\" data-created_by=\"avia_inline_auto\" id=\"style-css-av-ln28ye7z-764d9636eafd471edd6f8d1747bd54c7\">\n#top .hr.hr-invisible.av-ln28ye7z-764d9636eafd471edd6f8d1747bd54c7{\nheight:70px;\n}\n<\/style>\n<div  class='hr av-ln28ye7z-764d9636eafd471edd6f8d1747bd54c7 hr-invisible  avia-builder-el-8  el_after_av_contact  avia-builder-el-last  av-desktop-hide av-medium-hide av-small-hide'><span class='hr-inner '><span class=\"hr-inner-style\"><\/span><\/span><\/div><\/p><\/div>\n<style type=\"text\/css\" data-created_by=\"avia_inline_auto\" id=\"style-css-av-2rmdu-6ba2d797a6b373f7cbf42c11d2765b0b\">\n.flex_column.av-2rmdu-6ba2d797a6b373f7cbf42c11d2765b0b{\nborder-radius:0px 0px 0px 0px;\npadding:0px 0px 0px 0px;\n}\n<\/style>\n<div  class='flex_column av-2rmdu-6ba2d797a6b373f7cbf42c11d2765b0b av_one_half  avia-builder-el-9  el_after_av_one_half  avia-builder-el-last  av-break-at-tablet flex_column_div av-animated-generic bottom-to-top av-zero-column-padding  '     ><p>\n<style type=\"text\/css\" data-created_by=\"avia_inline_auto\" id=\"style-css-av-ln2jtwgz-c1ad84fb2a8921315cc7b36fd89dbbeb\">\n#top .av-special-heading.av-ln2jtwgz-c1ad84fb2a8921315cc7b36fd89dbbeb{\npadding-bottom:0;\ncolor:#ababab;\nfont-size:20px;\n}\nbody .av-special-heading.av-ln2jtwgz-c1ad84fb2a8921315cc7b36fd89dbbeb .av-special-heading-tag .heading-char{\nfont-size:25px;\n}\n#top #wrap_all .av-special-heading.av-ln2jtwgz-c1ad84fb2a8921315cc7b36fd89dbbeb .av-special-heading-tag{\nfont-size:20px;\n}\n.av-special-heading.av-ln2jtwgz-c1ad84fb2a8921315cc7b36fd89dbbeb .special-heading-inner-border{\nborder-color:#ababab;\n}\n.av-special-heading.av-ln2jtwgz-c1ad84fb2a8921315cc7b36fd89dbbeb .av-subheading{\nfont-size:25px;\n}\n\n@media only screen and (min-width: 990px){ \n#top #wrap_all .av-special-heading.av-ln2jtwgz-c1ad84fb2a8921315cc7b36fd89dbbeb .av-special-heading-tag{\nfont-size:20px;\n}\n}\n\n@media only screen and (min-width: 768px) and (max-width: 989px){ \n#top #wrap_all .av-special-heading.av-ln2jtwgz-c1ad84fb2a8921315cc7b36fd89dbbeb .av-special-heading-tag{\nfont-size:20px;\n}\n}\n\n@media only screen and (min-width: 480px) and (max-width: 767px){ \n#top #wrap_all .av-special-heading.av-ln2jtwgz-c1ad84fb2a8921315cc7b36fd89dbbeb .av-special-heading-tag{\nfont-size:20px;\n}\n}\n\n@media only screen and (max-width: 479px){ \n#top #wrap_all .av-special-heading.av-ln2jtwgz-c1ad84fb2a8921315cc7b36fd89dbbeb .av-special-heading-tag{\nfont-size:20px;\n}\n}\n<\/style>\n<div  id=\"usluge\"  class='av-special-heading av-ln2jtwgz-c1ad84fb2a8921315cc7b36fd89dbbeb av-special-heading-h3 custom-color-heading blockquote modern-quote  avia-builder-el-10  el_before_av_heading  avia-builder-el-first  av-inherit-size'><h3 class='av-special-heading-tag'  itemprop=\"headline\"  >POVE\u017dITE SE<\/h3><div class=\"special-heading-border\"><div class=\"special-heading-inner-border\"><\/div><\/div><\/div><br \/>\n\n<style type=\"text\/css\" data-created_by=\"avia_inline_auto\" id=\"style-css-av-21rl1m-424d807ca98328d8ecea430ea1d9eb40\">\n#top .av-special-heading.av-21rl1m-424d807ca98328d8ecea430ea1d9eb40{\nmargin:10px 0 0 0;\npadding-bottom:30px;\ncolor:#727272;\nfont-size:40px;\n}\nbody .av-special-heading.av-21rl1m-424d807ca98328d8ecea430ea1d9eb40 .av-special-heading-tag .heading-char{\nfont-size:25px;\n}\n#top #wrap_all .av-special-heading.av-21rl1m-424d807ca98328d8ecea430ea1d9eb40 .av-special-heading-tag{\nfont-size:40px;\n}\n.av-special-heading.av-21rl1m-424d807ca98328d8ecea430ea1d9eb40 .special-heading-inner-border{\nborder-color:#727272;\n}\n.av-special-heading.av-21rl1m-424d807ca98328d8ecea430ea1d9eb40 .av-subheading{\nfont-size:15px;\n}\n\n@media only screen and (min-width: 480px) and (max-width: 767px){ \n#top #wrap_all .av-special-heading.av-21rl1m-424d807ca98328d8ecea430ea1d9eb40 .av-special-heading-tag{\nfont-size:0.8em;\n}\n}\n\n@media only screen and (max-width: 479px){ \n#top #wrap_all .av-special-heading.av-21rl1m-424d807ca98328d8ecea430ea1d9eb40 .av-special-heading-tag{\nfont-size:0.8em;\n}\n}\n<\/style>\n<div  class='av-special-heading av-21rl1m-424d807ca98328d8ecea430ea1d9eb40 av-special-heading-h3 custom-color-heading blockquote modern-quote  avia-builder-el-11  el_after_av_heading  el_before_av_textblock  av-thin-font av-inherit-size'><h3 class='av-special-heading-tag'  itemprop=\"headline\"  ><strong>Koristne <\/strong> <span style=&quot;color: #ababab;&quot;> informacije <\/span> <\/h3><div class=\"special-heading-border\"><div class=\"special-heading-inner-border\"><\/div><\/div><\/div><br \/>\n<section  class='av_textblock_section av-hrf96-a873791183dc9f9578b4e27aa24464c2 '   itemscope=\"itemscope\" itemtype=\"https:\/\/schema.org\/CreativeWork\" ><div class='avia_textblock'  itemprop=\"text\" ><p>Vodilna ordinacija dentalne medicine za ortodontijo<br \/>\n<span style=\"color: #e040a3;\">dr. Domina Reljanovi\u0107 Protega<\/span><\/p>\n\n<style type=\"text\/css\" data-created_by=\"avia_inline_auto\" id=\"style-css-av-qeoi2-ed2d152bd6ef650962c3402391c5f3bf\">\n#top .hr.hr-invisible.av-qeoi2-ed2d152bd6ef650962c3402391c5f3bf{\nheight:10px;\n}\n<\/style>\n<div  class='hr av-qeoi2-ed2d152bd6ef650962c3402391c5f3bf hr-invisible  avia-builder-el-13  el_before_av_hr  avia-builder-el-first '><span class='hr-inner '><span class=\"hr-inner-style\"><\/span><\/span><\/div>\n<p><span style=\"color: #e040a3;\">last. Domina Reljanovi\u0107 Protega<\/span><br \/>\ndr. med. dent. specialist ortodont<br \/>\nOIB: 92970829723<\/p>\n\n<style type=\"text\/css\" data-created_by=\"avia_inline_auto\" id=\"style-css-av-24whe-6390d9b8ef684b58b305d9207b51f166\">\n#top .hr.hr-invisible.av-24whe-6390d9b8ef684b58b305d9207b51f166{\nheight:10px;\n}\n<\/style>\n<div  class='hr av-24whe-6390d9b8ef684b58b305d9207b51f166 hr-invisible  avia-builder-el-14  el_after_av_hr  el_before_av_hr '><span class='hr-inner '><span class=\"hr-inner-style\"><\/span><\/span><\/div>\n<p><span style=\"color: #e040a3;\">\u0110or\u0111i\u0107eva ulica 10,<\/span><br \/>\n10000 Zagreb &#8211; Hrva\u0161ka<\/p>\n\n<style type=\"text\/css\" data-created_by=\"avia_inline_auto\" id=\"style-css-av-hc5ve-7d7added59878a7d006cbdda98a7c6c5\">\n#top .hr.hr-invisible.av-hc5ve-7d7added59878a7d006cbdda98a7c6c5{\nheight:10px;\n}\n<\/style>\n<div  class='hr av-hc5ve-7d7added59878a7d006cbdda98a7c6c5 hr-invisible  avia-builder-el-15  el_after_av_hr  el_before_av_hr '><span class='hr-inner '><span class=\"hr-inner-style\"><\/span><\/span><\/div>\n<p><span style=\"color: #e040a3;\">domina.reljanovic@gmail.com<\/span><br \/>\n+385 1 481 7301<\/p>\n<p>\n<style type=\"text\/css\" data-created_by=\"avia_inline_auto\" id=\"style-css-av-b7w36-acd2988b377546fd2dcb6b75396e2fcd\">\n#top .hr.hr-invisible.av-b7w36-acd2988b377546fd2dcb6b75396e2fcd{\nheight:10px;\n}\n<\/style>\n<div  class='hr av-b7w36-acd2988b377546fd2dcb6b75396e2fcd hr-invisible  avia-builder-el-16  el_after_av_hr  el_before_av_font_icon '><span class='hr-inner '><span class=\"hr-inner-style\"><\/span><\/span><\/div><br \/>\n\n<style type=\"text\/css\" data-created_by=\"avia_inline_auto\" id=\"style-css-av-7afhu-6e60053c1ab9180c3cadc1d825763579\">\n.av_font_icon.av-7afhu-6e60053c1ab9180c3cadc1d825763579{\ncolor:#e040a4;\nborder-color:#e040a4;\n}\n.av_font_icon.av-7afhu-6e60053c1ab9180c3cadc1d825763579 .av-icon-char{\nfont-size:30px;\nline-height:30px;\n}\n<\/style>\n<span  class='av_font_icon av-7afhu-6e60053c1ab9180c3cadc1d825763579 avia_animate_when_visible av-icon-style- avia-icon-pos-left avia-icon-animate'><span class='av-icon-char' aria-hidden='true' data-av_icon='\uf132' data-av_iconfont='flaticon' ><\/span><\/span> PON, SRE: 13h &#8211; 20h<br \/>\nTOR, \u010cET, PET: 08h &#8211; 15:30h<\/p>\n<\/div><\/section><br \/>\n\n<style type=\"text\/css\" data-created_by=\"avia_inline_auto\" id=\"style-css-av-ln2lc9zt-df9fa5c948cc7fe1816dc7d4ee826c64\">\n#top .hr.hr-invisible.av-ln2lc9zt-df9fa5c948cc7fe1816dc7d4ee826c64{\nheight:30px;\n}\n<\/style>\n<div  class='hr av-ln2lc9zt-df9fa5c948cc7fe1816dc7d4ee826c64 hr-invisible  avia-builder-el-18  el_after_av_textblock  el_before_av_textblock '><span class='hr-inner '><span class=\"hr-inner-style\"><\/span><\/span><\/div><br \/>\n<section  class='av_textblock_section av-a23gi-6879590e6fe3740f1dd8d094a71efe58 '   itemscope=\"itemscope\" itemtype=\"https:\/\/schema.org\/CreativeWork\" ><div class='avia_textblock'  itemprop=\"text\" ><blockquote>\n<p>Na\u0161 tim sestavljajo visoko izobra\u017eeni in izku\u0161eni ortodonti z bogatimi izku\u0161njami na podro\u010dju ortodontije.<\/p>\n<\/blockquote>\n<\/div><\/section><\/p><\/div><\/div><\/div><\/div><!-- close content main div --><\/div><\/div>\n<style type=\"text\/css\" data-created_by=\"avia_inline_auto\" id=\"style-css-av-lr0olefv-a81a234f1c1a1e87818cb213f26d8148\">\n.avia-section.av-lr0olefv-a81a234f1c1a1e87818cb213f26d8148{\nmargin-top:0px;\nmargin-bottom:150px;\n}\n\n@media only screen and (min-width: 480px) and (max-width: 767px){ \n.avia-section.av-lr0olefv-a81a234f1c1a1e87818cb213f26d8148{\nmargin-top:0px;\nmargin-bottom:20px;\n}\n}\n\n@media only screen and (max-width: 479px){ \n.avia-section.av-lr0olefv-a81a234f1c1a1e87818cb213f26d8148{\nmargin-top:0px;\nmargin-bottom:15px;\n}\n}\n<\/style>\n<div id='av_section_2'  class='avia-section av-lr0olefv-a81a234f1c1a1e87818cb213f26d8148 main_color avia-section-no-padding avia-no-border-styling  avia-builder-el-20  el_after_av_section  el_before_av_layout_row  avia-bg-style-scroll container_wrap sidebar_right'  ><div class='container av-section-cont-open' ><div class='template-page content  av-content-small alpha units'><div class='post-entry post-entry-type-page post-entry-3799'><div class='entry-content-wrapper clearfix'>\n\n<\/p>\n<\/div><\/div><\/div><!-- close content main div --><\/div><\/div><div id='av-layout-grid-2'  class='av-layout-grid-container av-hgooi-a4e99965a6da7dc986501f53400f4e77 entry-content-wrapper main_color av-flex-cells  avia-builder-el-22  el_after_av_section  avia-builder-el-last  grid-row-not-first  container_wrap sidebar_right'  >\n\n<style type=\"text\/css\" data-created_by=\"avia_inline_auto\" id=\"style-css-av-b8cai-34fb86292e16872eee29341adf9998e3\">\n.flex_cell.av-b8cai-34fb86292e16872eee29341adf9998e3{\nvertical-align:top;\n}\n.responsive #top #wrap_all .flex_cell.av-b8cai-34fb86292e16872eee29341adf9998e3{\npadding:0px 0px 0px 0px !important;\n}\n<\/style>\n<div class='flex_cell av-b8cai-34fb86292e16872eee29341adf9998e3 av-gridrow-cell av_one_full no_margin  avia-builder-el-23  avia-builder-el-no-sibling  av-zero-padding'  ><div class='flex_cell_inner'>\n<\/div><\/div>\n<\/div>\n","protected":false},"excerpt":{"rendered":"","protected":false},"author":1,"featured_media":0,"parent":0,"menu_order":0,"comment_status":"closed","ping_status":"closed","template":"","meta":{"footnotes":""},"class_list":["post-3799","page","type-page","status-publish","hentry"],"_links":{"self":[{"href":"https:\/\/ortodoncija-reljanovicprotega.hr\/sl\/wp-json\/wp\/v2\/pages\/3799","targetHints":{"allow":["GET"]}}],"collection":[{"href":"https:\/\/ortodoncija-reljanovicprotega.hr\/sl\/wp-json\/wp\/v2\/pages"}],"about":[{"href":"https:\/\/ortodoncija-reljanovicprotega.hr\/sl\/wp-json\/wp\/v2\/types\/page"}],"author":[{"embeddable":true,"href":"https:\/\/ortodoncija-reljanovicprotega.hr\/sl\/wp-json\/wp\/v2\/users\/1"}],"replies":[{"embeddable":true,"href":"https:\/\/ortodoncija-reljanovicprotega.hr\/sl\/wp-json\/wp\/v2\/comments?post=3799"}],"version-history":[{"count":4,"href":"https:\/\/ortodoncija-reljanovicprotega.hr\/sl\/wp-json\/wp\/v2\/pages\/3799\/revisions"}],"predecessor-version":[{"id":3803,"href":"https:\/\/ortodoncija-reljanovicprotega.hr\/sl\/wp-json\/wp\/v2\/pages\/3799\/revisions\/3803"}],"wp:attachment":[{"href":"https:\/\/ortodoncija-reljanovicprotega.hr\/sl\/wp-json\/wp\/v2\/media?parent=3799"}],"curies":[{"name":"wp","href":"https:\/\/api.w.org\/{rel}","templated":true}]}}